{"id":837,"date":"2025-03-06T08:16:01","date_gmt":"2025-03-06T08:16:01","guid":{"rendered":"https:\/\/cutpet.vn\/index.php\/services\/"},"modified":"2026-03-16T14:01:33","modified_gmt":"2026-03-16T14:01:33","slug":"services","status":"publish","type":"page","link":"https:\/\/cutpet.vn\/index.php\/services\/","title":{"rendered":"Services"},"content":{"rendered":"\t\t<div data-elementor-type=\"wp-page\" data-elementor-id=\"837\" class=\"elementor elementor-837\" data-elementor-post-type=\"page\">\n\t\t\t\t<div class=\"elementor-element elementor-element-ed1bdd3 e-flex e-con-boxed e-con e-parent\" data-id=\"ed1bdd3\" data-element_type=\"container\" data-e-type=\"container\">\n\t\t\t\t\t<div class=\"e-con-inner\">\n\t\t<div class=\"elementor-element elementor-element-578d8e2 e-con-full e-flex e-con e-child\" data-id=\"578d8e2\" data-element_type=\"container\" data-e-type=\"container\">\n\t\t\t\t<div class=\"elementor-element elementor-element-3210f2a uael-dual-heading-align-left elementor-widget elementor-widget-uael-dual-color-heading\" data-id=\"3210f2a\" data-element_type=\"widget\" data-e-type=\"widget\" data-widget_type=\"uael-dual-color-heading.default\">\n\t\t\t\t<div class=\"elementor-widget-container\">\n\t\t\t\t\t\t\t\t\t<div class=\"uael-module-content uael-dual-color-heading uael-heading-stack-none\">\n\t\t\t<p>\n\t\t\t\t\t\t\t\t\t\t\t\t\t\t\t\t<span class=\"uael-before-heading\"><span class=\"elementor-inline-editing uael-dual-heading-text uael-first-text\" data-elementor-setting-key=\"before_heading_text\" data-elementor-inline-editing-toolbar=\"basic\"><\/span><\/span><span class=\"uael-adv-heading-stack\"><span class=\"elementor-inline-editing uael-dual-heading-text uael-highlight-text\" data-elementor-setting-key=\"second_heading_text\" data-elementor-inline-editing-toolbar=\"basic\">\/\/ <\/span><\/span><span class=\"uael-after-heading\"><span class=\"elementor-inline-editing uael-dual-heading-text uael-third-text\" data-elementor-setting-key=\"after_heading_text\" data-elementor-inline-editing-toolbar=\"basic\">d\u1ecbch v\u1ee5<\/span><\/span>\t\t\t\t\t\t\t\t\t\t\t\t\t<\/p>\n\t\t<\/div>\n\t\t\t\t\t\t<\/div>\n\t\t\t\t<\/div>\n\t\t\t\t<div class=\"elementor-element elementor-element-3fc490b elementor-widget elementor-widget-heading\" data-id=\"3fc490b\" data-element_type=\"widget\" data-e-type=\"widget\" data-widget_type=\"heading.default\">\n\t\t\t\t\t<h1 class=\"elementor-heading-title elementor-size-default\">Ch\u0103m s\u00f3c s\u1ee9c kh\u1ecfe to\u00e0n di\u1ec7n<\/h1>\t\t\t\t<\/div>\n\t\t\t\t<div class=\"elementor-element elementor-element-cb37fd8 elementor-widget elementor-widget-text-editor\" data-id=\"cb37fd8\" data-element_type=\"widget\" data-e-type=\"widget\" data-widget_type=\"text-editor.default\">\n\t\t\t\t\t\t\t\t\t<p>T\u1eeb vi\u1ec7c nh\u1ecf ve, t\u1ea9y giun \u0111\u1ecbnh k\u1ef3 \u0111\u1ebfn ki\u1ec3m tra t\u00ecnh tr\u1ea1ng da \u2013 l\u00f4ng v\u00e0 t\u01b0 v\u1ea5n b\u1ed5 sung dinh d\u01b0\u1ee1ng ph\u00f9 h\u1ee3p, m\u1ecdi quy tr\u00ecnh \u0111\u1ec1u \u0111\u01b0\u1ee3c th\u1ef1c hi\u1ec7n c\u1ea9n th\u1eadn v\u00e0 an to\u00e0n, gi\u00fap th\u00fa c\u01b0ng lu\u00f4n trong tr\u1ea1ng th\u00e1i t\u1ed1t nh\u1ea5t.<\/p>\t\t\t\t\t\t\t\t<\/div>\n\t\t\t\t<\/div>\n\t\t<div class=\"elementor-element elementor-element-11ce73c e-con-full e-flex e-con e-child\" data-id=\"11ce73c\" data-element_type=\"container\" data-e-type=\"container\">\n\t\t\t\t<div class=\"elementor-element elementor-element-79db5f4 elementor-widget elementor-widget-image\" data-id=\"79db5f4\" data-element_type=\"widget\" data-e-type=\"widget\" data-widget_type=\"image.default\">\n\t\t\t\t\t\t\t\t\t\t\t\t\t\t\t<img fetchpriority=\"high\" decoding=\"async\" width=\"2048\" height=\"1536\" src=\"https:\/\/cutpet.vn\/wp-content\/uploads\/2026\/03\/478554404_592979423520666_6981602808059580179_n.jpg\" class=\"attachment-full size-full wp-image-920\" alt=\"\" srcset=\"https:\/\/cutpet.vn\/wp-content\/uploads\/2026\/03\/478554404_592979423520666_6981602808059580179_n.jpg 2048w, https:\/\/cutpet.vn\/wp-content\/uploads\/2026\/03\/478554404_592979423520666_6981602808059580179_n-300x225.jpg 300w, https:\/\/cutpet.vn\/wp-content\/uploads\/2026\/03\/478554404_592979423520666_6981602808059580179_n-1024x768.jpg 1024w, https:\/\/cutpet.vn\/wp-content\/uploads\/2026\/03\/478554404_592979423520666_6981602808059580179_n-768x576.jpg 768w, https:\/\/cutpet.vn\/wp-content\/uploads\/2026\/03\/478554404_592979423520666_6981602808059580179_n-1536x1152.jpg 1536w\" sizes=\"(max-width: 2048px) 100vw, 2048px\" \/>\t\t\t\t\t\t\t\t\t\t\t\t\t\t\t<\/div>\n\t\t\t\t<\/div>\n\t\t\t\t\t<\/div>\n\t\t\t\t<\/div>\n\t\t<div class=\"elementor-element elementor-element-24b6ae4 e-grid e-con-boxed e-con e-parent\" data-id=\"24b6ae4\" data-element_type=\"container\" data-e-type=\"container\" data-settings=\"{&quot;background_background&quot;:&quot;classic&quot;,&quot;shape_divider_top&quot;:&quot;waves&quot;}\">\n\t\t\t\t\t<div class=\"e-con-inner\">\n\t\t\t\t<div class=\"elementor-shape elementor-shape-top\" aria-hidden=\"true\" data-negative=\"false\">\n\t\t\t<svg xmlns=\"http:\/\/www.w3.org\/2000\/svg\" viewBox=\"0 0 1000 100\" preserveAspectRatio=\"none\">\n\t<path class=\"elementor-shape-fill\" d=\"M421.9,6.5c22.6-2.5,51.5,0.4,75.5,5.3c23.6,4.9,70.9,23.5,100.5,35.7c75.8,32.2,133.7,44.5,192.6,49.7\n\tc23.6,2.1,48.7,3.5,103.4-2.5c54.7-6,106.2-25.6,106.2-25.6V0H0v30.3c0,0,72,32.6,158.4,30.5c39.2-0.7,92.8-6.7,134-22.4\n\tc21.2-8.1,52.2-18.2,79.7-24.2C399.3,7.9,411.6,7.5,421.9,6.5z\"\/>\n<\/svg>\t\t<\/div>\n\t\t<div class=\"elementor-element elementor-element-c02d05f e-con-full e-flex e-con e-child\" data-id=\"c02d05f\" data-element_type=\"container\" data-e-type=\"container\" data-settings=\"{&quot;background_background&quot;:&quot;classic&quot;}\">\n\t\t\t\t<div class=\"elementor-element elementor-element-6f0a8ab elementor-widget elementor-widget-image\" data-id=\"6f0a8ab\" data-element_type=\"widget\" data-e-type=\"widget\" data-widget_type=\"image.default\">\n\t\t\t\t\t\t\t\t\t\t\t\t\t\t\t<img decoding=\"async\" width=\"1920\" height=\"1536\" src=\"https:\/\/cutpet.vn\/wp-content\/uploads\/2026\/03\/z7591835035745_d107d82a7034f3312aee3d0eeaa18e0b-e1772961145739-1.jpg\" class=\"attachment-full size-full wp-image-961\" alt=\"\" srcset=\"https:\/\/cutpet.vn\/wp-content\/uploads\/2026\/03\/z7591835035745_d107d82a7034f3312aee3d0eeaa18e0b-e1772961145739-1.jpg 1920w, https:\/\/cutpet.vn\/wp-content\/uploads\/2026\/03\/z7591835035745_d107d82a7034f3312aee3d0eeaa18e0b-e1772961145739-1-300x240.jpg 300w, https:\/\/cutpet.vn\/wp-content\/uploads\/2026\/03\/z7591835035745_d107d82a7034f3312aee3d0eeaa18e0b-e1772961145739-1-1024x819.jpg 1024w, https:\/\/cutpet.vn\/wp-content\/uploads\/2026\/03\/z7591835035745_d107d82a7034f3312aee3d0eeaa18e0b-e1772961145739-1-768x614.jpg 768w, https:\/\/cutpet.vn\/wp-content\/uploads\/2026\/03\/z7591835035745_d107d82a7034f3312aee3d0eeaa18e0b-e1772961145739-1-1536x1229.jpg 1536w\" sizes=\"(max-width: 1920px) 100vw, 1920px\" \/>\t\t\t\t\t\t\t\t\t\t\t\t\t\t\t<\/div>\n\t\t\t\t<div class=\"elementor-element elementor-element-938763f elementor-widget elementor-widget-heading\" data-id=\"938763f\" data-element_type=\"widget\" data-e-type=\"widget\" data-widget_type=\"heading.default\">\n\t\t\t\t\t<h4 class=\"elementor-heading-title elementor-size-default\">Spa, t\u1eafm, c\u1eaft t\u1ec9a<\/h4>\t\t\t\t<\/div>\n\t\t\t\t<div class=\"elementor-element elementor-element-c7c0e28 elementor-widget elementor-widget-text-editor\" data-id=\"c7c0e28\" data-element_type=\"widget\" data-e-type=\"widget\" data-widget_type=\"text-editor.default\">\n\t\t\t\t\t\t\t\t\t<p>D\u1ecbch v\u1ee5 spa v\u00e0 c\u1eaft t\u1ec9a l\u00f4ng t\u1ea1i Cutpet gi\u00fap th\u00fa c\u01b0ng lu\u00f4n s\u1ea1ch s\u1ebd, g\u1ecdn g\u00e0ng v\u00e0 kh\u1ecfe m\u1ea1nh. V\u1edbi quy tr\u00ecnh ch\u0103m s\u00f3c chuy\u00ean nghi\u1ec7p g\u1ed3m t\u1eafm, s\u1ea5y, v\u1ec7 sinh tai, c\u1eaft m\u00f3ng v\u00e0 t\u1ea1o ki\u1ec3u l\u00f4ng, th\u00fa c\u01b0ng s\u1ebd \u0111\u01b0\u1ee3c l\u00e0m \u0111\u1eb9p m\u1ed9t c\u00e1ch nh\u1eb9 nh\u00e0ng v\u00e0 an to\u00e0n. \u0110\u1ed9i ng\u0169 nh\u00e2n vi\u00ean gi\u00e0u kinh nghi\u1ec7m lu\u00f4n ch\u0103m s\u00f3c t\u1eebng b\u00e9 v\u1edbi s\u1ef1 t\u1eadn t\u00e2m, mang l\u1ea1i c\u1ea3m gi\u00e1c tho\u1ea3i m\u00e1i v\u00e0 gi\u00fap th\u00fa c\u01b0ng lu\u00f4n \u0111\u00e1ng y\u00eau, th\u01a1m tho sau m\u1ed7i l\u1ea7n spa<\/p>\t\t\t\t\t\t\t\t<\/div>\n\t\t\t\t<div class=\"elementor-element elementor-element-bc884a0 elementor-widget elementor-widget-button\" data-id=\"bc884a0\" data-element_type=\"widget\" data-e-type=\"widget\" data-widget_type=\"button.default\">\n\t\t\t\t\t\t\t\t\t\t<a class=\"elementor-button elementor-button-link elementor-size-sm\" href=\"#\">\n\t\t\t\t\t\t<span class=\"elementor-button-content-wrapper\">\n\t\t\t\t\t\t\t\t\t<span class=\"elementor-button-text\">Nh\u1eadn b\u00e1o gi\u00e1<\/span>\n\t\t\t\t\t<\/span>\n\t\t\t\t\t<\/a>\n\t\t\t\t\t\t\t\t<\/div>\n\t\t\t\t<\/div>\n\t\t<div class=\"elementor-element elementor-element-7a275e9 e-con-full e-flex e-con e-child\" data-id=\"7a275e9\" data-element_type=\"container\" data-e-type=\"container\" data-settings=\"{&quot;background_background&quot;:&quot;classic&quot;}\">\n\t\t\t\t<div class=\"elementor-element elementor-element-63c9957 elementor-widget elementor-widget-image\" data-id=\"63c9957\" data-element_type=\"widget\" data-e-type=\"widget\" data-widget_type=\"image.default\">\n\t\t\t\t\t\t\t\t\t\t\t\t\t\t\t<img decoding=\"async\" width=\"2560\" height=\"1920\" src=\"https:\/\/cutpet.vn\/wp-content\/uploads\/2026\/03\/z7591835173167_e646289dbf28aecd8a3965a9f4282ff7.jpg\" class=\"attachment-full size-full wp-image-858\" alt=\"\" srcset=\"https:\/\/cutpet.vn\/wp-content\/uploads\/2026\/03\/z7591835173167_e646289dbf28aecd8a3965a9f4282ff7.jpg 2560w, https:\/\/cutpet.vn\/wp-content\/uploads\/2026\/03\/z7591835173167_e646289dbf28aecd8a3965a9f4282ff7-300x225.jpg 300w, https:\/\/cutpet.vn\/wp-content\/uploads\/2026\/03\/z7591835173167_e646289dbf28aecd8a3965a9f4282ff7-1024x768.jpg 1024w, https:\/\/cutpet.vn\/wp-content\/uploads\/2026\/03\/z7591835173167_e646289dbf28aecd8a3965a9f4282ff7-768x576.jpg 768w, https:\/\/cutpet.vn\/wp-content\/uploads\/2026\/03\/z7591835173167_e646289dbf28aecd8a3965a9f4282ff7-1536x1152.jpg 1536w, https:\/\/cutpet.vn\/wp-content\/uploads\/2026\/03\/z7591835173167_e646289dbf28aecd8a3965a9f4282ff7-2048x1536.jpg 2048w\" sizes=\"(max-width: 2560px) 100vw, 2560px\" \/>\t\t\t\t\t\t\t\t\t\t\t\t\t\t\t<\/div>\n\t\t\t\t<div class=\"elementor-element elementor-element-70ad58d elementor-widget elementor-widget-heading\" data-id=\"70ad58d\" data-element_type=\"widget\" data-e-type=\"widget\" data-widget_type=\"heading.default\">\n\t\t\t\t\t<h4 class=\"elementor-heading-title elementor-size-default\">Kh\u00e1ch s\u1ea1n th\u00fa c\u01b0ng<\/h4>\t\t\t\t<\/div>\n\t\t\t\t<div class=\"elementor-element elementor-element-5af7409 elementor-widget elementor-widget-text-editor\" data-id=\"5af7409\" data-element_type=\"widget\" data-e-type=\"widget\" data-widget_type=\"text-editor.default\">\n\t\t\t\t\t\t\t\t\t<p>D\u1ecbch v\u1ee5 kh\u00e1ch s\u1ea1n th\u00fa c\u01b0ng t\u1ea1i Cutpet mang \u0111\u1ebfn kh\u00f4ng gian l\u01b0u tr\u00fa an to\u00e0n, s\u1ea1ch s\u1ebd v\u00e0 tho\u1ea3i m\u00e1i cho c\u00e1c b\u00e9 khi ch\u1ee7 nh\u00e2n b\u1eadn r\u1ed9n ho\u1eb7c \u0111i xa. M\u1ed7i th\u00fa c\u01b0ng \u0111\u1ec1u \u0111\u01b0\u1ee3c ch\u0103m s\u00f3c chu \u0111\u00e1o v\u1edbi ch\u1ebf \u0111\u1ed9 \u0103n u\u1ed1ng, ngh\u1ec9 ng\u01a1i v\u00e0 vui ch\u01a1i h\u1ee3p l\u00fd. \u0110\u1ed9i ng\u0169 nh\u00e2n vi\u00ean lu\u00f4n theo d\u00f5i v\u00e0 quan t\u00e2m t\u1eebng b\u00e9 \u0111\u1ec3 \u0111\u1ea3m b\u1ea3o th\u00fa c\u01b0ng lu\u00f4n kh\u1ecfe m\u1ea1nh, vui v\u1ebb v\u00e0 c\u1ea3m th\u1ea5y nh\u01b0 \u0111ang \u1edf ch\u00ednh ng\u00f4i nh\u00e0 c\u1ee7a m\u00ecnh<\/p>\t\t\t\t\t\t\t\t<\/div>\n\t\t\t\t<div class=\"elementor-element elementor-element-7df760a elementor-widget elementor-widget-button\" data-id=\"7df760a\" data-element_type=\"widget\" data-e-type=\"widget\" data-widget_type=\"button.default\">\n\t\t\t\t\t\t\t\t\t\t<a class=\"elementor-button elementor-button-link elementor-size-sm\" href=\"#\">\n\t\t\t\t\t\t<span class=\"elementor-button-content-wrapper\">\n\t\t\t\t\t\t\t\t\t<span class=\"elementor-button-text\">Nh\u1eadn b\u00e1o gi\u00e1<\/span>\n\t\t\t\t\t<\/span>\n\t\t\t\t\t<\/a>\n\t\t\t\t\t\t\t\t<\/div>\n\t\t\t\t<\/div>\n\t\t<div class=\"elementor-element elementor-element-d092ab2 e-con-full e-flex e-con e-child\" data-id=\"d092ab2\" data-element_type=\"container\" data-e-type=\"container\" data-settings=\"{&quot;background_background&quot;:&quot;classic&quot;}\">\n\t\t\t\t<div class=\"elementor-element elementor-element-5286b17 elementor-widget elementor-widget-image\" data-id=\"5286b17\" data-element_type=\"widget\" data-e-type=\"widget\" data-widget_type=\"image.default\">\n\t\t\t\t\t\t\t\t\t\t\t\t\t\t\t<img loading=\"lazy\" decoding=\"async\" width=\"1280\" height=\"960\" src=\"https:\/\/cutpet.vn\/wp-content\/uploads\/2026\/03\/481074363_605771488908126_2404543022925017632_n.jpg\" class=\"attachment-full size-full wp-image-978\" alt=\"\" srcset=\"https:\/\/cutpet.vn\/wp-content\/uploads\/2026\/03\/481074363_605771488908126_2404543022925017632_n.jpg 1280w, https:\/\/cutpet.vn\/wp-content\/uploads\/2026\/03\/481074363_605771488908126_2404543022925017632_n-300x225.jpg 300w, https:\/\/cutpet.vn\/wp-content\/uploads\/2026\/03\/481074363_605771488908126_2404543022925017632_n-1024x768.jpg 1024w, https:\/\/cutpet.vn\/wp-content\/uploads\/2026\/03\/481074363_605771488908126_2404543022925017632_n-768x576.jpg 768w\" sizes=\"(max-width: 1280px) 100vw, 1280px\" \/>\t\t\t\t\t\t\t\t\t\t\t\t\t\t\t<\/div>\n\t\t\t\t<div class=\"elementor-element elementor-element-ef87275 elementor-widget elementor-widget-heading\" data-id=\"ef87275\" data-element_type=\"widget\" data-e-type=\"widget\" data-widget_type=\"heading.default\">\n\t\t\t\t\t<h4 class=\"elementor-heading-title elementor-size-default\">C\u1eeda h\u00e0ng th\u00fa c\u01b0ng<\/h4>\t\t\t\t<\/div>\n\t\t\t\t<div class=\"elementor-element elementor-element-f338e26 elementor-widget elementor-widget-text-editor\" data-id=\"f338e26\" data-element_type=\"widget\" data-e-type=\"widget\" data-widget_type=\"text-editor.default\">\n\t\t\t\t\t\t\t\t\t<p>C\u1eeda h\u00e0ng th\u00fa c\u01b0ng t\u1ea1i Cutpet cung c\u1ea5p \u0111a d\u1ea1ng c\u00e1c s\u1ea3n ph\u1ea9m ch\u1ea5t l\u01b0\u1ee3ng d\u00e0nh cho ch\u00f3 m\u00e8o nh\u01b0 th\u1ee9c \u0103n, \u0111\u1ed3 ch\u01a1i, ph\u1ee5 ki\u1ec7n, qu\u1ea7n \u00e1o v\u00e0 c\u00e1c s\u1ea3n ph\u1ea9m ch\u0103m s\u00f3c s\u1ee9c kh\u1ecfe. T\u1ea5t c\u1ea3 s\u1ea3n ph\u1ea9m \u0111\u1ec1u \u0111\u01b0\u1ee3c l\u1ef1a ch\u1ecdn k\u1ef9 l\u01b0\u1ee1ng nh\u1eb1m \u0111\u1ea3m b\u1ea3o an to\u00e0n v\u00e0 ph\u00f9 h\u1ee3p cho th\u00fa c\u01b0ng. Ch\u00fang t\u00f4i lu\u00f4n s\u1eb5n s\u00e0ng t\u01b0 v\u1ea5n \u0111\u1ec3 gi\u00fap b\u1ea1n l\u1ef1a ch\u1ecdn nh\u1eefng s\u1ea3n ph\u1ea9m t\u1ed1t nh\u1ea5t cho ng\u01b0\u1eddi b\u1ea1n b\u1ed1n ch\u00e2n c\u1ee7a m\u00ecnh<\/p>\t\t\t\t\t\t\t\t<\/div>\n\t\t\t\t<div class=\"elementor-element elementor-element-9b84f10 elementor-widget elementor-widget-button\" data-id=\"9b84f10\" data-element_type=\"widget\" data-e-type=\"widget\" data-widget_type=\"button.default\">\n\t\t\t\t\t\t\t\t\t\t<a class=\"elementor-button elementor-button-link elementor-size-sm\" href=\"#\">\n\t\t\t\t\t\t<span class=\"elementor-button-content-wrapper\">\n\t\t\t\t\t\t\t\t\t<span class=\"elementor-button-text\">Nh\u1eadn b\u00e1o gi\u00e1<\/span>\n\t\t\t\t\t<\/span>\n\t\t\t\t\t<\/a>\n\t\t\t\t\t\t\t\t<\/div>\n\t\t\t\t<\/div>\n\t\t<div class=\"elementor-element elementor-element-837b3a2 e-con-full e-flex e-con e-child\" data-id=\"837b3a2\" data-element_type=\"container\" data-e-type=\"container\" data-settings=\"{&quot;background_background&quot;:&quot;classic&quot;}\">\n\t\t\t\t<div class=\"elementor-element elementor-element-d0042eb elementor-widget elementor-widget-image\" data-id=\"d0042eb\" data-element_type=\"widget\" data-e-type=\"widget\" data-widget_type=\"image.default\">\n\t\t\t\t\t\t\t\t\t\t\t\t\t\t\t<img loading=\"lazy\" decoding=\"async\" width=\"626\" height=\"405\" src=\"https:\/\/cutpet.vn\/wp-content\/uploads\/2026\/03\/two-doctors-are-examining-him-veterinary-medicine-concept-pomeranian-veterinary-clinic-shih-tzu-dog_1091882-3041.jpg\" class=\"attachment-full size-full wp-image-979\" alt=\"\" srcset=\"https:\/\/cutpet.vn\/wp-content\/uploads\/2026\/03\/two-doctors-are-examining-him-veterinary-medicine-concept-pomeranian-veterinary-clinic-shih-tzu-dog_1091882-3041.jpg 626w, https:\/\/cutpet.vn\/wp-content\/uploads\/2026\/03\/two-doctors-are-examining-him-veterinary-medicine-concept-pomeranian-veterinary-clinic-shih-tzu-dog_1091882-3041-300x194.jpg 300w\" sizes=\"(max-width: 626px) 100vw, 626px\" \/>\t\t\t\t\t\t\t\t\t\t\t\t\t\t\t<\/div>\n\t\t\t\t<div class=\"elementor-element elementor-element-55b16c0 elementor-widget elementor-widget-heading\" data-id=\"55b16c0\" data-element_type=\"widget\" data-e-type=\"widget\" data-widget_type=\"heading.default\">\n\t\t\t\t\t<h4 class=\"elementor-heading-title elementor-size-default\">Kh\u00e1m, x\u00e9t nghi\u1ec7m th\u00fa c\u01b0ng<\/h4>\t\t\t\t<\/div>\n\t\t\t\t<div class=\"elementor-element elementor-element-83eaa20 elementor-widget elementor-widget-text-editor\" data-id=\"83eaa20\" data-element_type=\"widget\" data-e-type=\"widget\" data-widget_type=\"text-editor.default\">\n\t\t\t\t\t\t\t\t\t<p>D\u1ecbch v\u1ee5 kh\u00e1m v\u00e0 x\u00e9t nghi\u1ec7m th\u00fa c\u01b0ng t\u1ea1i Cutpet gi\u00fap ph\u00e1t hi\u1ec7n s\u1edbm v\u00e0 theo d\u00f5i t\u00ecnh tr\u1ea1ng s\u1ee9c kh\u1ecfe c\u1ee7a c\u00e1c b\u00e9 m\u1ed9t c\u00e1ch ch\u00ednh x\u00e1c. V\u1edbi \u0111\u1ed9i ng\u0169 nh\u00e2n vi\u00ean c\u00f3 kinh nghi\u1ec7m c\u00f9ng quy tr\u00ecnh ki\u1ec3m tra c\u1ea9n th\u1eadn, th\u00fa c\u01b0ng s\u1ebd \u0111\u01b0\u1ee3c th\u0103m kh\u00e1m t\u1ed5ng qu\u00e1t, ki\u1ec3m tra c\u00e1c d\u1ea5u hi\u1ec7u b\u1ea5t th\u01b0\u1eddng v\u00e0 th\u1ef1c hi\u1ec7n c\u00e1c x\u00e9t nghi\u1ec7m c\u1ea7n thi\u1ebft. Ch\u00fang t\u00f4i lu\u00f4n mong mu\u1ed1n mang \u0111\u1ebfn s\u1ef1 ch\u0103m s\u00f3c t\u1ed1t nh\u1ea5t \u0111\u1ec3 th\u00fa c\u01b0ng c\u1ee7a b\u1ea1n lu\u00f4n kh\u1ecfe m\u1ea1nh v\u00e0 ph\u00e1t tri\u1ec3n t\u1ed1t.<\/p>\t\t\t\t\t\t\t\t<\/div>\n\t\t\t\t<div class=\"elementor-element elementor-element-4785412 elementor-widget elementor-widget-button\" data-id=\"4785412\" data-element_type=\"widget\" data-e-type=\"widget\" data-widget_type=\"button.default\">\n\t\t\t\t\t\t\t\t\t\t<a class=\"elementor-button elementor-button-link elementor-size-sm\" href=\"#\">\n\t\t\t\t\t\t<span class=\"elementor-button-content-wrapper\">\n\t\t\t\t\t\t\t\t\t<span class=\"elementor-button-text\">Nh\u1eadn b\u00e1o gi\u00e1<\/span>\n\t\t\t\t\t<\/span>\n\t\t\t\t\t<\/a>\n\t\t\t\t\t\t\t\t<\/div>\n\t\t\t\t<\/div>\n\t\t\t\t\t<\/div>\n\t\t\t\t<\/div>\n\t\t<div class=\"elementor-element elementor-element-2e65852 e-flex e-con-boxed e-con e-parent\" data-id=\"2e65852\" data-element_type=\"container\" data-e-type=\"container\" data-settings=\"{&quot;background_background&quot;:&quot;classic&quot;,&quot;shape_divider_top&quot;:&quot;waves&quot;}\">\n\t\t\t\t\t<div class=\"e-con-inner\">\n\t\t\t\t<div class=\"elementor-shape elementor-shape-top\" aria-hidden=\"true\" data-negative=\"false\">\n\t\t\t<svg xmlns=\"http:\/\/www.w3.org\/2000\/svg\" viewBox=\"0 0 1000 100\" preserveAspectRatio=\"none\">\n\t<path class=\"elementor-shape-fill\" d=\"M421.9,6.5c22.6-2.5,51.5,0.4,75.5,5.3c23.6,4.9,70.9,23.5,100.5,35.7c75.8,32.2,133.7,44.5,192.6,49.7\n\tc23.6,2.1,48.7,3.5,103.4-2.5c54.7-6,106.2-25.6,106.2-25.6V0H0v30.3c0,0,72,32.6,158.4,30.5c39.2-0.7,92.8-6.7,134-22.4\n\tc21.2-8.1,52.2-18.2,79.7-24.2C399.3,7.9,411.6,7.5,421.9,6.5z\"\/>\n<\/svg>\t\t<\/div>\n\t\t\t\t<div class=\"elementor-element elementor-element-c7ae632 elementor-view-framed elementor-shape-circle elementor-position-block-start elementor-mobile-position-block-start elementor-widget elementor-widget-icon-box\" data-id=\"c7ae632\" data-element_type=\"widget\" data-e-type=\"widget\" data-widget_type=\"icon-box.default\">\n\t\t\t\t\t\t\t<div class=\"elementor-icon-box-wrapper\">\n\n\t\t\t\t\t\t<div class=\"elementor-icon-box-icon\">\n\t\t\t\t<span  class=\"elementor-icon\">\n\t\t\t\t<svg aria-hidden=\"true\" class=\"e-font-icon-svg e-fas-paint-roller\" viewBox=\"0 0 512 512\" xmlns=\"http:\/\/www.w3.org\/2000\/svg\"><path d=\"M416 128V32c0-17.67-14.33-32-32-32H32C14.33 0 0 14.33 0 32v96c0 17.67 14.33 32 32 32h352c17.67 0 32-14.33 32-32zm32-64v128c0 17.67-14.33 32-32 32H256c-35.35 0-64 28.65-64 64v32c-17.67 0-32 14.33-32 32v128c0 17.67 14.33 32 32 32h64c17.67 0 32-14.33 32-32V352c0-17.67-14.33-32-32-32v-32h160c53.02 0 96-42.98 96-96v-64c0-35.35-28.65-64-64-64z\"><\/path><\/svg>\t\t\t\t<\/span>\n\t\t\t<\/div>\n\t\t\t\n\t\t\t\t\t\t<div class=\"elementor-icon-box-content\">\n\n\t\t\t\t\t\t\t\t\t<h2 class=\"elementor-icon-box-title\">\n\t\t\t\t\t\t<span  >\n\t\t\t\t\t\t\tCh\u00fang t\u00f4i r\u1ea5t vui khi nh\u1eadn \u0111\u01b0\u1ee3c s\u1ef1 \u1ee7ng h\u1ed9 c\u1ee7a c\u00e1c b\u1ea1n\t\t\t\t\t\t<\/span>\n\t\t\t\t\t<\/h2>\n\t\t\t\t\n\t\t\t\t\n\t\t\t<\/div>\n\t\t\t\n\t\t<\/div>\n\t\t\t\t\t\t<\/div>\n\t\t\t\t<div class=\"elementor-element elementor-element-7d8ea66 elementor-align-center elementor-widget elementor-widget-button\" data-id=\"7d8ea66\" data-element_type=\"widget\" data-e-type=\"widget\" data-widget_type=\"button.default\">\n\t\t\t\t\t\t\t\t\t\t<a class=\"elementor-button elementor-button-link elementor-size-sm\" href=\"#\">\n\t\t\t\t\t\t<span class=\"elementor-button-content-wrapper\">\n\t\t\t\t\t\t<span class=\"elementor-button-icon\">\n\t\t\t\t<svg aria-hidden=\"true\" class=\"e-font-icon-svg e-fas-chevron-circle-right\" viewBox=\"0 0 512 512\" xmlns=\"http:\/\/www.w3.org\/2000\/svg\"><path d=\"M256 8c137 0 248 111 248 248S393 504 256 504 8 393 8 256 119 8 256 8zm113.9 231L234.4 103.5c-9.4-9.4-24.6-9.4-33.9 0l-17 17c-9.4 9.4-9.4 24.6 0 33.9L285.1 256 183.5 357.6c-9.4 9.4-9.4 24.6 0 33.9l17 17c9.4 9.4 24.6 9.4 33.9 0L369.9 273c9.4-9.4 9.4-24.6 0-34z\"><\/path><\/svg>\t\t\t<\/span>\n\t\t\t\t\t\t\t\t\t<span class=\"elementor-button-text\">Nh\u00e2n b\u00e1o gi\u00e1 mi\u1ec5n ph\u00ed<\/span>\n\t\t\t\t\t<\/span>\n\t\t\t\t\t<\/a>\n\t\t\t\t\t\t\t\t<\/div>\n\t\t\t\t\t<\/div>\n\t\t\t\t<\/div>\n\t\t\t\t<\/div>\n\t\t","protected":false},"excerpt":{"rendered":"<p>\/\/ d\u1ecbch v\u1ee5 Ch\u0103m s\u00f3c s\u1ee9c kh\u1ecfe to\u00e0n di\u1ec7n T\u1eeb vi\u1ec7c nh\u1ecf ve, t\u1ea9y giun \u0111\u1ecbnh k\u1ef3 \u0111\u1ebfn ki\u1ec3m tra [&hellip;]<\/p>\n","protected":false},"author":1,"featured_media":0,"parent":0,"menu_order":0,"comment_status":"closed","ping_status":"closed","template":"","meta":{"site-sidebar-layout":"no-sidebar","site-content-layout":"","ast-site-content-layout":"full-width-container","site-content-style":"unboxed","site-sidebar-style":"unboxed","ast-global-header-display":"","ast-banner-title-visibility":"","ast-main-header-display":"","ast-hfb-above-header-display":"","ast-hfb-below-header-display":"","ast-hfb-mobile-header-display":"","site-post-title":"disabled","ast-breadcrumbs-content":"","ast-featured-img":"disabled","footer-sml-layout":"","ast-disable-related-posts":"","theme-transparent-header-meta":"","adv-header-id-meta":"","stick-header-meta":"","header-above-stick-meta":"","header-main-stick-meta":"","header-below-stick-meta":"","astra-migrate-meta-layouts":"default","ast-page-background-enabled":"default","ast-page-background-meta":{"desktop":{"background-color":"var(--ast-global-color-4)","background-image":"","background-repeat":"repeat","background-position":"center center","background-size":"auto","background-attachment":"scroll","background-type":"","background-media":"","overlay-type":"","overlay-color":"","overlay-opacity":"","overlay-gradient":""},"tablet":{"background-color":"","background-image":"","background-repeat":"repeat","background-position":"center center","background-size":"auto","background-attachment":"scroll","background-type":"","background-media":"","overlay-type":"","overlay-color":"","overlay-opacity":"","overlay-gradient":""},"mobile":{"background-color":"","background-image":"","background-repeat":"repeat","background-position":"center center","background-size":"auto","background-attachment":"scroll","background-type":"","background-media":"","overlay-type":"","overlay-color":"","overlay-opacity":"","overlay-gradient":""}},"ast-content-background-meta":{"desktop":{"background-color":"var(--ast-global-color-5)","background-image":"","background-repeat":"repeat","background-position":"center center","background-size":"auto","background-attachment":"scroll","background-type":"","background-media":"","overlay-type":"","overlay-color":"","overlay-opacity":"","overlay-gradient":""},"tablet":{"background-color":"var(--ast-global-color-5)","background-image":"","background-repeat":"repeat","background-position":"center center","background-size":"auto","background-attachment":"scroll","background-type":"","background-media":"","overlay-type":"","overlay-color":"","overlay-opacity":"","overlay-gradient":""},"mobile":{"background-color":"var(--ast-global-color-5)","background-image":"","background-repeat":"repeat","background-position":"center center","background-size":"auto","background-attachment":"scroll","background-type":"","background-media":"","overlay-type":"","overlay-color":"","overlay-opacity":"","overlay-gradient":""}},"footnotes":""},"class_list":["post-837","page","type-page","status-publish","hentry"],"_links":{"self":[{"href":"https:\/\/cutpet.vn\/index.php\/wp-json\/wp\/v2\/pages\/837","targetHints":{"allow":["GET"]}}],"collection":[{"href":"https:\/\/cutpet.vn\/index.php\/wp-json\/wp\/v2\/pages"}],"about":[{"href":"https:\/\/cutpet.vn\/index.php\/wp-json\/wp\/v2\/types\/page"}],"author":[{"embeddable":true,"href":"https:\/\/cutpet.vn\/index.php\/wp-json\/wp\/v2\/users\/1"}],"replies":[{"embeddable":true,"href":"https:\/\/cutpet.vn\/index.php\/wp-json\/wp\/v2\/comments?post=837"}],"version-history":[{"count":10,"href":"https:\/\/cutpet.vn\/index.php\/wp-json\/wp\/v2\/pages\/837\/revisions"}],"predecessor-version":[{"id":1288,"href":"https:\/\/cutpet.vn\/index.php\/wp-json\/wp\/v2\/pages\/837\/revisions\/1288"}],"wp:attachment":[{"href":"https:\/\/cutpet.vn\/index.php\/wp-json\/wp\/v2\/media?parent=837"}],"curies":[{"name":"wp","href":"https:\/\/api.w.org\/{rel}","templated":true}]}}